{"id":7,"date":"2017-04-04T12:10:19","date_gmt":"2017-04-04T10:10:19","guid":{"rendered":"https:\/\/praxisrautenberg.wordpress.com\/?page_id=2"},"modified":"2026-05-01T17:32:52","modified_gmt":"2026-05-01T17:32:52","slug":"ueber-mich","status":"publish","type":"page","link":"https:\/\/praxisrautenberg.de\/?page_id=7","title":{"rendered":"\u00dcber mich"},"content":{"rendered":"<p><span style=\"font-size: 14pt;\"><span style=\"font-family: verdana,geneva,sans-serif;\"><strong>Qualifikation<\/strong><\/span><\/span><\/p>\n<hr \/>\n<p><span style=\"text-decoration: underline; font-family: verdana,geneva,sans-serif;\"><strong>Studium<\/strong><\/span><\/p>\n<ul>\n<li><span style=\"font-family: verdana,geneva,sans-serif;\"><strong>1989-1994<\/strong> Studium der Psychologie an der Universit\u00e4t Trier, Abschluss als Diplom-Psychologin<br \/>\n<\/span><span style=\"font-family: verdana,geneva,sans-serif;\"><span style=\"font-family: verdana,geneva,sans-serif;\"> Praktika w\u00e4hrend des Studiums<\/span><\/span><\/li>\n<li><span style=\"font-family: verdana,geneva,sans-serif;\"><span style=\"font-family: verdana,geneva,sans-serif;\"><strong>02\/93\u201304\/93 <\/strong>Praktikum in der Psychosomatischen Fachklinik St.-Franziska-Stift in Bad Kreuznach<\/span><\/span><\/li>\n<li><span style=\"font-family: verdana,geneva,sans-serif;\"><strong>08\/92\u201309\/92 <\/strong>Praktikum in der psychologischen Praxis von Frau Diplom-Psychologin Angelika Erdmann f\u00fcr Kinder und Jugendliche in Trier<\/span><\/li>\n<\/ul>\n<p><span style=\"text-decoration: underline; font-family: verdana,geneva,sans-serif;\"><strong><br \/>\nBerufliche Erfahrungen<\/strong><\/span><\/p>\n<ul>\n<li><span style=\"font-family: verdana,geneva,sans-serif;\"><span style=\"font-family: verdana,geneva,sans-serif;\"><strong>1994-1995 <\/strong>Psychologin in der Medizinisch-Psychosomatischen Klinik Bad Bramstedt<\/span><\/span><\/li>\n<li><span style=\"font-family: verdana,geneva,sans-serif;\"><span style=\"font-family: verdana,geneva,sans-serif;\"><strong>1995-2000 <\/strong>Psychologin in der Median-Klinik Berggie\u00dfh\u00fcbel (Rehabilitationsklinik f\u00fcr Orthop\u00e4die und Psychosomatik) in Berggie\u00dfh\u00fcbel, ab 1998 stellvertretende leitende Psychologin<\/span><\/span><\/li>\n<li><span style=\"font-family: verdana,geneva,sans-serif;\"><span style=\"font-family: verdana,geneva,sans-serif;\"><strong>2000-2001 <\/strong>Stationspsychologin in der Internistisch-Psychosomatischen Fachklinik Hochsauerland in Bad Fredeburg<\/span><\/span><\/li>\n<li><span style=\"font-family: verdana,geneva,sans-serif;\"><span style=\"font-family: verdana,geneva,sans-serif;\"><strong>2001-2003 <\/strong>Freiberufliche T\u00e4tigkeit als Psychologische Psychotherapeutin in der Psychologischen Ambulanz in Hamm<\/span><\/span><\/li>\n<li><span style=\"font-family: verdana,geneva,sans-serif;\"><span style=\"font-family: verdana,geneva,sans-serif;\"><strong>2010-2015<\/strong> Freiberufliche T\u00e4tigkeit als Psychologische Psychotherapeutin in der Privatpraxis f\u00fcr Psychotherapie Dr. Schuster &amp; Kollegen und prevent.on<\/span><\/span><\/li>\n<li><span style=\"font-family: verdana,geneva,sans-serif;\"><strong>2015<\/strong> Niedergelassen in eigener Praxis<\/span><\/li>\n<\/ul>\n<p><span style=\"text-decoration: underline; font-family: verdana,geneva,sans-serif;\"><strong><br \/>\nWeiterbildungen<\/strong><\/span><\/p>\n<p><span style=\"font-family: verdana,geneva,sans-serif;\">Ich nehme fortlaufend an Weiterbildungen, Intervisionen und Supervisionen teil, um auf dem neuesten Stand zu sein.<\/span><br \/>\n<span style=\"font-family: verdana,geneva,sans-serif;\"> Hier ein Auszug einiger Weiterbildungen \/ Anerkennungen:<\/span><\/p>\n<ul>\n<li><span style=\"font-family: verdana,geneva,sans-serif;\"><span style=\"font-family: verdana,geneva,sans-serif;\"><strong>1995-1999<\/strong> <strong>Weiterbildung zur Erlangung des Fachkundenachweises Verhaltenstherapie<\/strong><\/span><\/span><\/li>\n<li><span style=\"font-family: verdana,geneva,sans-serif;\"><span style=\"font-family: verdana,geneva,sans-serif;\"><strong>17.02.1999<\/strong> <strong>Approbation als Psychologische Psychotherapeutin<\/strong><\/span><\/span><\/li>\n<li><span style=\"font-family: verdana,geneva,sans-serif;\"><span style=\"font-family: verdana,geneva,sans-serif;\"><strong>1999<\/strong> Weiterbildung Progressive Muskelentspannung nach Jacobson und Autogenes Training<\/span><\/span><\/li>\n<li><span style=\"font-family: verdana,geneva,sans-serif;\"><span style=\"font-family: verdana,geneva,sans-serif;\"><strong>2001<\/strong> Arztregistereintrag<\/span><\/span><\/li>\n<li><span style=\"font-family: verdana,geneva,sans-serif;\"><span style=\"font-family: verdana,geneva,sans-serif;\"><strong>2011<\/strong> Umgang mit Trauer in der Psychotherapie<\/span><\/span><\/li>\n<li><span style=\"font-family: verdana,geneva,sans-serif;\"><span style=\"font-family: verdana,geneva,sans-serif;\"><strong>2011<\/strong> Fr\u00fche Gef\u00fchle-Arbeit mit der Lebensgeschichte<\/span><\/span><\/li>\n<li><span style=\"font-family: verdana,geneva,sans-serif;\"><span style=\"font-family: verdana,geneva,sans-serif;\"><strong>2012<\/strong> Kognitive Verhaltenstherapie bei Zwangsst\u00f6rungen<\/span><\/span><\/li>\n<li><span style=\"font-family: verdana,geneva,sans-serif;\"><span style=\"font-family: verdana,geneva,sans-serif;\"><strong>2012<\/strong> Verhaltenstherapie bei Hypochondrie und Krankheitsangst<\/span><\/span><\/li>\n<li><span style=\"font-family: verdana,geneva,sans-serif;\"><span style=\"font-family: verdana,geneva,sans-serif;\"><strong>2013-2014<\/strong> Vertiefungscurriculum Kognitive Verhaltenstherapie<\/span><\/span><\/li>\n<li><span style=\"font-family: verdana,geneva,sans-serif;\"><span style=\"font-family: verdana,geneva,sans-serif;\"><strong>2015<\/strong> Depressionen bei \u00e4lteren Menschen<\/span><\/span><\/li>\n<li><span style=\"font-family: verdana,geneva,sans-serif;\"><span style=\"font-family: verdana,geneva,sans-serif;\"><strong>2016<\/strong> Neue Krebstherapien \u2013 Herausforderung f\u00fcr die Psychoonkologie<\/span><\/span><\/li>\n<li><span style=\"font-family: verdana,geneva,sans-serif;\"><strong>2016<\/strong> Schematherapiecurriculum (wende ich allerdings nicht an)<br \/>\n<\/span><\/li>\n<li><strong><span style=\"font-family: verdana, geneva, sans-serif;\">seit 2018 <\/span><\/strong><span style=\"font-family: verdana, geneva, sans-serif;\">regelm\u00e4\u00dfige Supervision zu EMDR, PTBS, komplexe PTBS, DIS<br \/>\n<\/span><\/li>\n<li><strong><span style=\"font-family: verdana, geneva, sans-serif;\">2019 <\/span><span style=\"font-family: verdana, geneva, sans-serif;\">Zertifikat &#8222;Spezielle Psychotraumatherapie f\u00fcr Erwachsene (DeGPT)&#8220;<\/span><\/strong><\/li>\n<li><strong><span style=\"font-family: verdana, geneva, sans-serif;\">2020 <\/span><\/strong><span style=\"font-family: verdana, geneva, sans-serif;\">Virtual Reality f\u00fcr Psychotherapeuten<\/span><\/li>\n<li><span style=\"font-family: verdana, geneva, sans-serif;\"><strong>2021<\/strong> Digitale Gesundheitsanwendungen<\/span><\/li>\n<li><span style=\"font-family: verdana, geneva, sans-serif;\"><strong>2021<\/strong> Dermatillomanie<\/span><\/li>\n<li><strong><span style=\"font-family: verdana, geneva, sans-serif;\">2021 <\/span><\/strong><span style=\"font-family: verdana, geneva, sans-serif;\">Psychotherapie bei Long-COVID Patienten<br \/>\n<\/span><\/li>\n<li><strong><span style=\"font-family: verdana, geneva, sans-serif;\">2021 <\/span><\/strong><span style=\"font-family: verdana, geneva, sans-serif;\">Narrative Expositionstherapie<\/span><\/li>\n<li><span style=\"font-family: verdana, geneva, sans-serif;\"><strong>2022 <\/strong><\/span><span style=\"font-family: verdana, geneva, sans-serif;\">Imaginatives \u00dcberschreiben bei Angstst\u00f6rungen<\/span><\/li>\n<li><strong><span style=\"font-family: verdana, geneva, sans-serif;\">2022 <\/span><\/strong><span style=\"font-family: verdana, geneva, sans-serif;\">Aktuelle Entwicklungen in der Behandlung von Generalisierten Angstst\u00f6rungen<\/span><\/li>\n<li><strong><span style=\"font-family: verdana, geneva, sans-serif;\">2022 <\/span><\/strong><span style=\"font-family: verdana, geneva, sans-serif;\">Selbstwert st\u00e4rken &#8211; Tools f\u00fcr die psychologische Praxis<\/span><\/li>\n<li><strong><span style=\"font-family: verdana, geneva, sans-serif;\">2022 <\/span><\/strong><span style=\"font-family: verdana, geneva, sans-serif;\">Perfektionismus &#8211; vielf\u00e4ltige Erscheinungsformen und Interventionsm\u00f6glichkeiten<\/span><\/li>\n<li><strong><span style=\"font-family: verdana, geneva, sans-serif;\">2022 <\/span><\/strong><span style=\"font-family: verdana, geneva, sans-serif;\">Curriculum Altersdepression<\/span><\/li>\n<li><strong><span style=\"font-family: verdana, geneva, sans-serif;\">2023 <\/span><\/strong><span style=\"font-family: verdana, geneva, sans-serif;\">Zusammenhang zwischen Migr\u00e4ne und Ern\u00e4hrung<\/span><\/li>\n<li><strong><span style=\"font-family: verdana, geneva, sans-serif;\">2023\u00a0<\/span><\/strong><span style=\"font-family: verdana, geneva, sans-serif;\">Klimanotfall: Auswirkungen auf die psychische Gesundheit<\/span><\/li>\n<li><span style=\"font-family: verdana, geneva, sans-serif;\"><strong><span style=\"font-family: verdana, geneva, sans-serif;\">2023<\/span>\u00a0<\/strong>Digitale Gesundheitsanwendungen bei Panikst\u00f6rungen<\/span><\/li>\n<li><span style=\"font-family: verdana, geneva, sans-serif;\"><strong>2023\u00a0<\/strong><\/span><span style=\"font-family: verdana, geneva, sans-serif;\">EMDR in der Behandlung von Zwangsst\u00f6rungen<\/span><\/li>\n<li><span style=\"font-family: verdana, geneva, sans-serif;\"><strong>2023\u00a0Grundlagen, Diagnostik und Behandlungsoptionen der ADHS bei Erwachsenen<\/strong><\/span><\/li>\n<li><strong><span style=\"font-family: verdana, geneva, sans-serif;\">2023 <\/span><span style=\"font-family: verdana, geneva, sans-serif;\">Zertifizierung als EMDR-Therapeutin (EMDRIA)<\/span><\/strong><\/li>\n<li><span style=\"font-family: verdana, geneva, sans-serif;\"><strong>2023\u00a0<span style=\"font-family: verdana, geneva, sans-serif;\">Behandlung der komplexen Posttraumatischen Belastungsst\u00f6rung<\/span><\/strong><\/span><\/li>\n<li><span style=\"font-family: verdana, geneva, sans-serif;\"><strong>2023 <\/strong><span style=\"font-family: verdana, geneva, sans-serif;\">Behandlung der Pornografie-Nutzungsst\u00f6rung<\/span><\/span><\/li>\n<li><strong><span style=\"font-family: verdana, geneva, sans-serif;\">2023\u00a0<\/span><span style=\"font-family: verdana, geneva, sans-serif;\">Rituelle sexuelle Gewalt, auch mit satanischem Hintergrund<\/span><\/strong><\/li>\n<li><span style=\"font-family: verdana, geneva, sans-serif;\"><strong>2025 <\/strong>Fehler und Fallen in der Therapie sozialer Angstst\u00f6rung<\/span><\/li>\n<li><strong><span style=\"font-family: verdana, geneva, sans-serif;\">2025\u00a0<\/span><\/strong><span style=\"font-family: verdana, geneva, sans-serif;\">Fortschritte der datengest\u00fctzten, individualisierten Psychotherapie bei chronischen Schmerzen<\/span><\/li>\n<li><strong><span style=\"font-family: verdana, geneva, sans-serif;\">2025\u00a0<\/span><\/strong><span style=\"font-family: verdana, geneva, sans-serif;\">Behandlung von <strong>Bindungstrauma<\/strong> mit EMDR<\/span><\/li>\n<li><strong><span style=\"font-family: verdana, geneva, sans-serif;\">2025\u00a0<\/span><\/strong><span style=\"font-family: verdana, geneva, sans-serif;\">Generalisierte Angstst\u00f6rung und Sorgenexposition: Erfahrungsvermeidung \u00fcberwinden<\/span><\/li>\n<li><strong><span style=\"font-family: verdana, geneva, sans-serif;\">2025 <\/span><span style=\"font-family: verdana, geneva, sans-serif;\">AD(H)S bei Frauen<\/span><\/strong><\/li>\n<li><span style=\"font-family: verdana, geneva, sans-serif;\"><strong>2026 <\/strong>Gear-Box &#8211; eine Behandlungsstruktur f\u00fcr komplexes Trauma<\/span><\/li>\n<\/ul>\n<p><span style=\"text-decoration: underline;\"><span style=\"font-family: verdana, geneva, sans-serif;\">Mitgliedschaften<\/span><\/span><\/p>\n<ul>\n<li><span style=\"font-family: verdana, geneva, sans-serif;\">Mitglied bei der Kassen\u00e4rztlichen Vereinigung Rheinland-Pfalz<\/span><\/li>\n<li><span style=\"font-family: verdana, geneva, sans-serif;\">Mitglied in der Landespsychotherapeuten Kammer Rheinland-Pfalz<\/span><\/li>\n<li><span style=\"font-family: verdana, geneva, sans-serif;\">Mitglied in der Deutschen Gesellschaft f\u00fcr Verhaltenstherapie (DGVT)<\/span><\/li>\n<li><span style=\"font-family: verdana, geneva, sans-serif;\">Mitglied in der Deutschsprachigen Gesellschaft f\u00fcr Psychotraumatologie (DeGPT)<\/span><\/li>\n<li><span style=\"font-family: verdana, geneva, sans-serif;\">Mitglied bei EMDRIA Deutschland e. V.<\/span><\/li>\n<\/ul>\n<p align=\"justify\"><strong><span style=\"text-decoration: underline;\"><span style=\"font-family: verdana, geneva, sans-serif;\">Praxisgemeinschaft<\/span><\/span><\/strong><\/p>\n<p align=\"justify\"><span style=\"font-family: verdana, geneva, sans-serif;\">Ich arbeite mit f\u00fcnf sehr netten Kolleg*innen in der Praxis zusammen. Wir teilen uns die Gemeinschaftsr\u00e4ume und tauschen uns fachlich unter Beachtung der Schweigepflicht miteinander aus.<\/span><\/p>\n<p align=\"justify\"><span style=\"font-family: verdana, geneva, sans-serif;\">Dies sind im einzelnen:<\/span><\/p>\n<p align=\"justify\"><span style=\"font-family: verdana, geneva, sans-serif;\">Frau Dipl.-Psych. Juliane von der Heiden &#8211; Psychologische Psychotherapeutin (VT) mit eigener Kassenzulassung\u00a0\u00a0 www.psychotherapie-vonderheiden.de<\/span><\/p>\n<p align=\"justify\"><span style=\"font-family: verdana, geneva, sans-serif;\">Herr Dipl.-Psych. Marc von der Heiden &#8211; Psychologischer Psychotherapeut (VT) mit eigener Kassenzulassung\u00a0 \u00a0www.praxis-vonderheiden.de<\/span><\/p>\n<p align=\"justify\"><span style=\"font-family: verdana, geneva, sans-serif;\">Frau Dipl.-Psych. Kristina Killy &#8211; Psychologische Psychotherapeutin (VT) mit eigener Kassenzulassung<\/span><\/p>\n<p align=\"justify\"><span style=\"font-family: verdana, geneva, sans-serif;\">Frau Dipl.-Psych. Marion Schede &#8211; Psychologische Psychotherapeutin (VT) mit Privatpraxis\u00a0\u00a0 www.psychotherapie-schede.de<\/span><\/p>\n<p>&nbsp;<\/p>\n<blockquote>\n<p class=\"western\"><span style=\"font-family: Segoe Print;\"><span style=\"font-size: large;\">Was man verstehen gelernt hat, f\u00fcrchtet man nicht.\u00a0\u00a0\u00a0\u00a0\u00a0\u00a0\u00a0\u00a0\u00a0\u00a0\u00a0\u00a0\u00a0\u00a0\u00a0 (Marie Curie)<\/span><\/span><\/p>\n<\/blockquote>\n","protected":false},"excerpt":{"rendered":"<p>Dies ist nur eine Kurzfassung der Seite&amp;nbsp;\u201e\u00dcber\u201c.<\/p>\n","protected":false},"author":1,"featured_media":24,"parent":0,"menu_order":1,"comment_status":"closed","ping_status":"closed","template":"","meta":{"footnotes":""},"class_list":["post-7","page","type-page","status-publish","has-post-thumbnail","hentry"],"_links":{"self":[{"href":"https:\/\/praxisrautenberg.de\/index.php?rest_route=\/wp\/v2\/pages\/7","targetHints":{"allow":["GET"]}}],"collection":[{"href":"https:\/\/praxisrautenberg.de\/index.php?rest_route=\/wp\/v2\/pages"}],"about":[{"href":"https:\/\/praxisrautenberg.de\/index.php?rest_route=\/wp\/v2\/types\/page"}],"author":[{"embeddable":true,"href":"https:\/\/praxisrautenberg.de\/index.php?rest_route=\/wp\/v2\/users\/1"}],"replies":[{"embeddable":true,"href":"https:\/\/praxisrautenberg.de\/index.php?rest_route=%2Fwp%2Fv2%2Fcomments&post=7"}],"version-history":[{"count":38,"href":"https:\/\/praxisrautenberg.de\/index.php?rest_route=\/wp\/v2\/pages\/7\/revisions"}],"predecessor-version":[{"id":636,"href":"https:\/\/praxisrautenberg.de\/index.php?rest_route=\/wp\/v2\/pages\/7\/revisions\/636"}],"wp:featuredmedia":[{"embeddable":true,"href":"https:\/\/praxisrautenberg.de\/index.php?rest_route=\/wp\/v2\/media\/24"}],"wp:attachment":[{"href":"https:\/\/praxisrautenberg.de\/index.php?rest_route=%2Fwp%2Fv2%2Fmedia&parent=7"}],"curies":[{"name":"wp","href":"https:\/\/api.w.org\/{rel}","templated":true}]}}